{"id":686,"date":"2021-03-02T08:55:23","date_gmt":"2021-03-02T08:55:23","guid":{"rendered":"https:\/\/quintadotilucas.com\/site\/home\/"},"modified":"2024-02-13T17:01:04","modified_gmt":"2024-02-13T17:01:04","slug":"home","status":"publish","type":"page","link":"https:\/\/quintadotilucas.com\/site\/","title":{"rendered":"Home"},"content":{"rendered":"\t\t<div data-elementor-type=\"wp-page\" data-elementor-id=\"686\" class=\"elementor elementor-686\">\n\t\t\t\t\t\t<section class=\"elementor-section elementor-top-section elementor-element elementor-element-e4886b3 elementor-section-height-full elementor-section-items-bottom elementor-section-boxed elementor-section-height-default\" data-id=\"e4886b3\" data-element_type=\"section\" data-settings=\"{&quot;background_background&quot;:&quot;classic&quot;,&quot;_ha_eqh_enable&quot;:false}\">\n\t\t\t\t\t\t\t<div class=\"elementor-background-overlay\"><\/div>\n\t\t\t\t\t\t\t<div class=\"elementor-container elementor-column-gap-no\">\n\t\t\t\t\t<div class=\"elementor-column elementor-col-100 elementor-top-column elementor-element elementor-element-c0b3dad\" data-id=\"c0b3dad\" data-element_type=\"column\">\n\t\t\t<div class=\"elementor-widget-wrap elementor-element-populated\">\n\t\t\t\t\t\t<div class=\"elementor-element elementor-element-931bf8b animated-slow elementor-invisible elementor-widget elementor-widget-heading\" data-id=\"931bf8b\" data-element_type=\"widget\" data-settings=\"{&quot;_animation&quot;:&quot;fadeInDown&quot;,&quot;_animation_delay&quot;:0}\" data-widget_type=\"heading.default\">\n\t\t\t\t<div class=\"elementor-widget-container\">\n\t\t\t<style>\/*! elementor - v3.23.0 - 15-07-2024 *\/\n.elementor-heading-title{padding:0;margin:0;line-height:1}.elementor-widget-heading .elementor-heading-title[class*=elementor-size-]>a{color:inherit;font-size:inherit;line-height:inherit}.elementor-widget-heading .elementor-heading-title.elementor-size-small{font-size:15px}.elementor-widget-heading .elementor-heading-title.elementor-size-medium{font-size:19px}.elementor-widget-heading .elementor-heading-title.elementor-size-large{font-size:29px}.elementor-widget-heading .elementor-heading-title.elementor-size-xl{font-size:39px}.elementor-widget-heading .elementor-heading-title.elementor-size-xxl{font-size:59px}<\/style><h1 class=\"elementor-heading-title elementor-size-default\">Quinta Do Ti Lucas<\/h1>\t\t<\/div>\n\t\t\t\t<\/div>\n\t\t\t\t<div class=\"elementor-element elementor-element-bc76a92 elementor-align-center elementor-invisible elementor-widget elementor-widget-button\" data-id=\"bc76a92\" data-element_type=\"widget\" data-settings=\"{&quot;_animation&quot;:&quot;fadeInDown&quot;}\" data-widget_type=\"button.default\">\n\t\t\t\t<div class=\"elementor-widget-container\">\n\t\t\t\t\t<div class=\"elementor-button-wrapper\">\n\t\t\t<a class=\"elementor-button elementor-button-link elementor-size-sm\" href=\"#bio\">\n\t\t\t\t\t\t<span class=\"elementor-button-content-wrapper\">\n\t\t\t\t\t\t\t\t\t<span class=\"elementor-button-text\">Scroll Down<\/span>\n\t\t\t\t\t<\/span>\n\t\t\t\t\t<\/a>\n\t\t<\/div>\n\t\t\t\t<\/div>\n\t\t\t\t<\/div>\n\t\t\t\t\t<\/div>\n\t\t<\/div>\n\t\t\t\t\t<\/div>\n\t\t<\/section>\n\t\t\t\t<section class=\"elementor-section elementor-top-section elementor-element elementor-element-30be60f elementor-section-boxed elementor-section-height-default elementor-section-height-default\" data-id=\"30be60f\" data-element_type=\"section\" data-settings=\"{&quot;_ha_eqh_enable&quot;:false}\">\n\t\t\t\t\t\t<div class=\"elementor-container elementor-column-gap-default\">\n\t\t\t\t\t<div class=\"elementor-column elementor-col-100 elementor-top-column elementor-element elementor-element-521e8f0\" data-id=\"521e8f0\" data-element_type=\"column\">\n\t\t\t<div class=\"elementor-widget-wrap elementor-element-populated\">\n\t\t\t\t\t\t<div class=\"elementor-element elementor-element-29ce000 elementor-invisible elementor-widget elementor-widget-heading\" data-id=\"29ce000\" data-element_type=\"widget\" data-settings=\"{&quot;_animation&quot;:&quot;fadeIn&quot;}\" data-widget_type=\"heading.default\">\n\t\t\t\t<div class=\"elementor-widget-container\">\n\t\t\t<h2 class=\"elementor-heading-title elementor-size-default\">Sobre n\u00f3s<\/h2>\t\t<\/div>\n\t\t\t\t<\/div>\n\t\t\t\t\t<\/div>\n\t\t<\/div>\n\t\t\t\t\t<\/div>\n\t\t<\/section>\n\t\t\t\t<section class=\"elementor-section elementor-top-section elementor-element elementor-element-46cafd5 elementor-section-boxed elementor-section-height-default elementor-section-height-default\" data-id=\"46cafd5\" data-element_type=\"section\" data-settings=\"{&quot;_ha_eqh_enable&quot;:false}\">\n\t\t\t\t\t\t<div class=\"elementor-container elementor-column-gap-default\">\n\t\t\t\t\t<div class=\"elementor-column elementor-col-100 elementor-top-column elementor-element elementor-element-e46404a\" data-id=\"e46404a\" data-element_type=\"column\">\n\t\t\t<div class=\"elementor-widget-wrap elementor-element-populated\">\n\t\t\t\t\t\t<div class=\"elementor-element elementor-element-f2ff168 elementor-drop-cap-yes elementor-widget__width-auto elementor-drop-cap-view-default elementor-invisible elementor-widget elementor-widget-text-editor\" data-id=\"f2ff168\" data-element_type=\"widget\" data-settings=\"{&quot;drop_cap&quot;:&quot;yes&quot;,&quot;_animation&quot;:&quot;fadeIn&quot;}\" data-widget_type=\"text-editor.default\">\n\t\t\t\t<div class=\"elementor-widget-container\">\n\t\t\t<style>\/*! elementor - v3.23.0 - 15-07-2024 *\/\n.elementor-widget-text-editor.elementor-drop-cap-view-stacked .elementor-drop-cap{background-color:#69727d;color:#fff}.elementor-widget-text-editor.elementor-drop-cap-view-framed .elementor-drop-cap{color:#69727d;border:3px solid;background-color:transparent}.elementor-widget-text-editor:not(.elementor-drop-cap-view-default) .elementor-drop-cap{margin-top:8px}.elementor-widget-text-editor:not(.elementor-drop-cap-view-default) .elementor-drop-cap-letter{width:1em;height:1em}.elementor-widget-text-editor .elementor-drop-cap{float:left;text-align:center;line-height:1;font-size:50px}.elementor-widget-text-editor .elementor-drop-cap-letter{display:inline-block}<\/style>\t\t\t\t<p style=\"font-weight: 400;\">A Quinta do Ti Lucas foi inaugurada em 2003 e tem uma vis\u00e3o clara desde o in\u00edcio: entregar um servi\u00e7o de qualidade. Essa dedica\u00e7\u00e3o ao atendimento de excel\u00eancia \u00e9 o que transforma cada dia dos nossos clientes e convidados em ocasi\u00f5es especiais e memor\u00e1veis.&nbsp;A qualidade inegoci\u00e1vel dos nossos servi\u00e7os, a beleza envolvente dos espa\u00e7os e a completa satisfa\u00e7\u00e3o tanto dos clientes como dos seus convidados s\u00e3o os pilares que sustentam o nosso compromisso. Qualquer mudan\u00e7a implementada visa a elevar o nosso padr\u00e3o de qualidade, em busca da excel\u00eancia cont\u00ednua.<\/p><p style=\"font-weight: 400;\"><span style=\"font-style: inherit; color: var(--ast-global-color-3); background-color: var(--ast-global-color-4);\">&nbsp; &nbsp; Atualmente, dispomos de uma sala moderna e contempor\u00e2nea com capacidade de acolhimento para 700 pessoas. Contamos tamb\u00e9m com um espa\u00e7o dedicado ao cuidado infantil e um hectare de jardins bem cuidados, proporcionando um espa\u00e7o seguro e fechado, onde tanto crian\u00e7as como adultos podem desfrutar momentos descontra\u00eddos. A qualidade do nosso servi\u00e7o \u00e9 primordial, apoiada por profissionais experientes e&nbsp;uma cozinha moderna de alto calibre, capaz de preparar as mais saborosas iguarias.<\/span><\/p>\n<p style=\"font-weight: 400;\">&nbsp; &nbsp; Distinguimo-nos pela exclusividade, somos uma refer\u00eancia na regi\u00e3o centro do pa\u00eds n<span style=\"color: var(--ast-global-color-3); font-size: 1rem; background-color: var(--ast-global-color-4);\">a realiza\u00e7\u00e3o de diversos tipos de eventos<\/span><span style=\"font-style: inherit; color: var(--ast-global-color-3); background-color: var(--ast-global-color-4);\">&nbsp;desde casamentos a batizados, anivers\u00e1rios e confer\u00eancias. A nossa miss\u00e3o \u00e9 criar momentos inesquec\u00edveis para aqueles que escolhem a Quinta do Ti Lucas como cen\u00e1rio para suas celebra\u00e7\u00f5es enquanto deixamos uma marca indel\u00e9vel nas mem\u00f3rias daqueles que nos elegem.<\/span><\/p>\t\t\t\t\t\t<\/div>\n\t\t\t\t<\/div>\n\t\t\t\t\t<\/div>\n\t\t<\/div>\n\t\t\t\t\t<\/div>\n\t\t<\/section>\n\t\t\t\t<\/div>\n\t\t","protected":false},"excerpt":{"rendered":"<p>Quinta Do Ti Lucas Scroll Down Sobre n\u00f3s A Quinta do Ti Lucas foi inaugurada em 2003 e tem uma vis\u00e3o clara desde o in\u00edcio: entregar um servi\u00e7o de qualidade. Essa dedica\u00e7\u00e3o ao atendimento de excel\u00eancia \u00e9 o que transforma cada dia dos nossos clientes e convidados em ocasi\u00f5es especiais e memor\u00e1veis.&nbsp;A qualidade inegoci\u00e1vel dos &hellip;<\/p>\n<p class=\"read-more\"> <a class=\"\" href=\"https:\/\/quintadotilucas.com\/site\/\"> <span class=\"screen-reader-text\">Home<\/span> Read More &raquo;<\/a><\/p>\n","protected":false},"author":1,"featured_media":0,"parent":0,"menu_order":0,"comment_status":"closed","ping_status":"closed","template":"","meta":{"site-sidebar-layout":"no-sidebar","site-content-layout":"page-builder","ast-global-header-display":"","ast-banner-title-visibility":"","ast-main-header-display":"","ast-hfb-above-header-display":"","ast-hfb-below-header-display":"","ast-hfb-mobile-header-display":"","site-post-title":"disabled","ast-breadcrumbs-content":"disabled","ast-featured-img":"disabled","footer-sml-layout":"","theme-transparent-header-meta":"enabled","adv-header-id-meta":"","stick-header-meta":"","header-above-stick-meta":"","header-main-stick-meta":"","header-below-stick-meta":"","footnotes":""},"class_list":["post-686","page","type-page","status-publish","hentry"],"_links":{"self":[{"href":"https:\/\/quintadotilucas.com\/site\/wp-json\/wp\/v2\/pages\/686","targetHints":{"allow":["GET"]}}],"collection":[{"href":"https:\/\/quintadotilucas.com\/site\/wp-json\/wp\/v2\/pages"}],"about":[{"href":"https:\/\/quintadotilucas.com\/site\/wp-json\/wp\/v2\/types\/page"}],"author":[{"embeddable":true,"href":"https:\/\/quintadotilucas.com\/site\/wp-json\/wp\/v2\/users\/1"}],"replies":[{"embeddable":true,"href":"https:\/\/quintadotilucas.com\/site\/wp-json\/wp\/v2\/comments?post=686"}],"version-history":[{"count":67,"href":"https:\/\/quintadotilucas.com\/site\/wp-json\/wp\/v2\/pages\/686\/revisions"}],"predecessor-version":[{"id":981,"href":"https:\/\/quintadotilucas.com\/site\/wp-json\/wp\/v2\/pages\/686\/revisions\/981"}],"wp:attachment":[{"href":"https:\/\/quintadotilucas.com\/site\/wp-json\/wp\/v2\/media?parent=686"}],"curies":[{"name":"wp","href":"https:\/\/api.w.org\/{rel}","templated":true}]}}